{"id":22,"date":"2020-01-02T20:03:15","date_gmt":"2020-01-02T19:03:15","guid":{"rendered":"http:\/\/pfadfinderpuchheim.de\/?page_id=22"},"modified":"2023-12-19T17:33:10","modified_gmt":"2023-12-19T16:33:10","slug":"mitmachen","status":"publish","type":"page","link":"https:\/\/pfadfinderpuchheim.de\/?page_id=22","title":{"rendered":"Mitmachen"},"content":{"rendered":"\n<p>Du hast Interesse bei uns vorbeizuschauen? Dann findest du hier bestimmt die passende Gruppe f\u00fcr dich.<\/p>\n\n\n\n<h2>W\u00f6lflinge<\/h2>\n\n\n\n<p>Die W\u00f6lflinge sind in der DPSG die J\u00fcngsten. Ab sieben Jahren geht es los. <\/p>\n\n\n\n<p>Im ersten Moment mag die Bezeichnung \u201eW\u00f6lflinge\u201c etwas komisch erscheinen. Zur\u00fcck geht dieser Begriff auf Rudyard Kipling, den Autor von \u201eDas Dschungelbuch\u201c, welcher mit unserem Gr\u00fcnder Baden-Powell befreundet war. Ganz im Sinne von Mogli, der im Dschungel die Grundlagen des \u00dcberlebens spielerisch erlernte, m\u00f6chten auch wir unsere W\u00f6lflinge spielerisch auf ein Leben in unserer (Pfadfinder-)Gesellschaft vorbereiten. Das alles klingt jetzt viel langweiliger als es in Wirklichkeit ist \ud83d\ude09 Was genau machen wir also? Allem voran, haben wir gemeinsam in der Gruppe Spa\u00df, spielen Spiele und erleben Dinge, die allein einfach weniger spannend w\u00e4ren. Dazu geh\u00f6ren (wie es sich f\u00fcr Pfadfinder geh\u00f6rt) Spiele drau\u00dfen, wof\u00fcr wir vor allem den sogenannten Fuchsberg im Sommer als weitl\u00e4ufiges Gel\u00e4nde nutzen. Dar\u00fcber hinaus kochen wir auch gerne gemeinsam oder basteln. Typisch pfadfinderisch lernen wir aber auch sinnvolle Sachen, wie beispielsweise Knoten oder Zelte aufbauen und&nbsp; Schnitzen darf nat\u00fcrlich auch nicht fehlen. Wenn du also Lust hast dir dieses Chaos einmal anzusehen, bist du herzlich bei uns eingeladen.<\/p>\n\n\n\n<p>Interesse selber mitzumachen? Einfach eine Mail an <a href=\"mailto: woelflinge@dpsg-puchheim.de\">woelflinge@dpsg-puchheim.de<\/a> schreiben und zum Schnuppern vorbeikommen!<\/p>\n\n\n\n<p>Hinweis: Aufgrund der hohen Nachfrage k\u00f6nnen angehende W\u00f6lflinge derzeit leider nur auf eine Warteliste gesetzt werden. Gebt uns gerne bescheid, dann f\u00fcgen wir euch hinzu.<\/p>\n\n\n\n<h2>Jupfis<\/h2>\n\n\n\n<p>Jupfis steht f\u00fcr Jungpfadfinder.<\/p>\n\n\n\n<p>Das sind M\u00e4dchen und Jungen im Alter von 10 bis 13 Jahren.<\/p>\n\n\n\n<p>Wenn du keine Lust mehr hast dauernd alleine zu Hause deine Zeit totzuschlagen, dann komm doch einfach mal vorbei!<\/p>\n\n\n\n<p>In unserer w\u00f6chentlichen Gruppenstunde haben wir immer eine Menge Spa\u00df. Wir kochen gerne in der Jugendk\u00fcche oder kegeln auf unserer hauseigenen Kegelbahn. Oft machen wir lustige Spiele, manchmal auch mit anderen Gruppen. Nat\u00fcrlich besch\u00e4ftigen wir uns auch ab und an mit pfadfinderischen Inhalten wie der Knotenkunde. Bei uns ist immer was los und wir freuen uns, wenn ihr einfach mal vorbei schaut!<\/p>\n\n\n\n<p>Die Leiter der Jupfi-Gruppe erreichst du unter <a href=\"mailto: jupfis@dpsg-puchheim.de\">jupfis@dpsg-puchheim.de<\/a>.<\/p>\n\n\n\n<p>Gruppenstunden finden jeden Montag von 18:30-20:00 Uhr statt.<\/p>\n\n\n\n<h2>Pfadis<\/h2>\n\n\n<p>Die Pfadistufe ist f\u00fcr Jugendliche zwischen 13 und 15 Jahren da. Pfadis \u00fcbernehmen immer mehr Verantwortung und k\u00f6nnen auch bereits selber Ideen in die Gruppenstunden miteinbringen. Ob Ausfl\u00fcge in die Natur, ein gemeinsames Projekt oder einfach ein gem\u00fctliches Treffen mit Freunden: Der Spa\u00df ist immer mit dabei und kommt auch nicht zu kurz!<\/p>\n<p>Die Pfadis treffen sich jede Woche Donnerstag von 18:30 bis 20:00 Uhr.<\/p>\n<p>Wenn du mitmachen willst, melde dich doch bei den Leitern per E-Mail unter <a href=\"mailto:pfadis@dpsg-puchheim.de\">pfadis@dpsg-puchheim.de<\/a>, oder schau einfach mal vorbei.<\/p>\n\n\n<h2>Rover<\/h2>\n\n\n\n<p>Falls du bei den Rovern (ab 16 Jahren) mitmachen willst, schreibe an: <a href=\"mailto:rover@dpsg-puchheim.de\">rover@dpsg-puchheim.de<\/a>.<\/p>\n","protected":false},"excerpt":{"rendered":"<p>Du hast Interesse bei uns vorbeizuschauen? Dann findest du hier bestimmt die passende Gruppe f\u00fcr dich. W\u00f6lflinge Die W\u00f6lflinge sind in der DPSG die J\u00fcngsten. Ab sieben Jahren geht es los. Im ersten Moment mag die Bezeichnung \u201eW\u00f6lflinge\u201c etwas komisch erscheinen. Zur\u00fcck geht dieser Begriff auf Rudyard Kipling, den Autor von \u201eDas Dschungelbuch\u201c, welcher mit&#8230;<\/p>\n","protected":false},"author":1,"featured_media":0,"parent":0,"menu_order":0,"comment_status":"closed","ping_status":"closed","template":"","meta":[],"_links":{"self":[{"href":"https:\/\/pfadfinderpuchheim.de\/index.php?rest_route=\/wp\/v2\/pages\/22"}],"collection":[{"href":"https:\/\/pfadfinderpuchheim.de\/index.php?rest_route=\/wp\/v2\/pages"}],"about":[{"href":"https:\/\/pfadfinderpuchheim.de\/index.php?rest_route=\/wp\/v2\/types\/page"}],"author":[{"embeddable":true,"href":"https:\/\/pfadfinderpuchheim.de\/index.php?rest_route=\/wp\/v2\/users\/1"}],"replies":[{"embeddable":true,"href":"https:\/\/pfadfinderpuchheim.de\/index.php?rest_route=%2Fwp%2Fv2%2Fcomments&post=22"}],"version-history":[{"count":13,"href":"https:\/\/pfadfinderpuchheim.de\/index.php?rest_route=\/wp\/v2\/pages\/22\/revisions"}],"predecessor-version":[{"id":112,"href":"https:\/\/pfadfinderpuchheim.de\/index.php?rest_route=\/wp\/v2\/pages\/22\/revisions\/112"}],"wp:attachment":[{"href":"https:\/\/pfadfinderpuchheim.de\/index.php?rest_route=%2Fwp%2Fv2%2Fmedia&parent=22"}],"curies":[{"name":"wp","href":"https:\/\/api.w.org\/{rel}","templated":true}]}}